{"id":66,"date":"2022-09-02T12:05:39","date_gmt":"2022-09-02T12:05:39","guid":{"rendered":"https:\/\/kerkzichtstaphorst.nl\/?page_id=66"},"modified":"2025-11-01T18:48:17","modified_gmt":"2025-11-01T18:48:17","slug":"algemeen","status":"publish","type":"page","link":"https:\/\/kerkzichtstaphorst.nl\/algemeen\/","title":{"rendered":"Welkom"},"content":{"rendered":"\n<hr class=\"wp-block-separator has-alpha-channel-opacity\"\/>\n\n\n\n<p class=\"has-text-align-center has-vivid-red-color has-text-color\" style=\"font-size:24px\">Download hier de puzzel en kleurplaat van <br>dankdag 2025<\/p>\n\n\n\n<div class=\"wp-block-columns is-layout-flex wp-container-core-columns-is-layout-9d6595d7 wp-block-columns-is-layout-flex\">\n<div class=\"wp-block-column is-vertically-aligned-center is-layout-flow wp-block-column-is-layout-flow\">\n<div class=\"wp-block-buttons is-content-justification-center is-layout-flex wp-container-core-buttons-is-layout-16018d1d wp-block-buttons-is-layout-flex\">\n<div class=\"wp-block-button\"><a class=\"wp-block-button__link wp-element-button\" href=\"https:\/\/kerkzichtstaphorst.nl\/wp-content\/uploads\/2025\/11\/woordzoeker-Dankdag-hervormingsdag-2025.pdf\" style=\"border-radius:20px\" target=\"_blank\" rel=\"noreferrer noopener\">Puzzel<\/a><\/div>\n\n\n\n<div class=\"wp-block-button\"><a class=\"wp-block-button__link wp-element-button\" href=\"https:\/\/kerkzichtstaphorst.nl\/wp-content\/uploads\/2025\/11\/Kleurplaat-dankdag-2025.pdf\" style=\"border-radius:20px\" target=\"_blank\" rel=\"noreferrer noopener\">Kleurplaat<\/a><\/div>\n<\/div>\n<\/div>\n<\/div>\n\n\n\n<hr class=\"wp-block-separator has-alpha-channel-opacity is-style-wide\"\/>\n\n\n\n<p class=\"has-text-align-center\">Kerkzicht is een voorlichtingscentrum van de Hersteld Hervormde Gemeente te Staphorst. Hier kunt u uitleg krijgen over het christelijke geloof, de kerk, tradities en Staphorster gewoonten. Er zijn ongeveer 20 vrijwilligers betrokken die bij toerbeurt graag voor u klaar staan.<\/p>\n\n\n\n<p class=\"has-text-align-center\">De missie van Kerkzicht is belangstellenden voorlichting geven over het kerkelijke leven in Staphorst. Zodat we kunnen uitleggen wat het geloof inhoudt en waarom wij hier kracht en steun uit putten. Heeft u vragen over God, geloof of uw levensreis, of wilt u gewoon even iemand ontmoeten, kom gerust even binnen.<br><br>In Kerkzicht hangen verschillende informatiepanelen die u kunt bekijken. Deze informatiepanelen gaan over de kerkgang die twee keer per zondag plaatsvindt, de doop, het avondmaal en typisch kerkelijke tradities. Ook de hechte gemeenschap, het leven op de boerderij en de klederdracht<br>worden belicht.<\/p>\n\n\n\n<hr class=\"wp-block-separator has-alpha-channel-opacity is-style-wide\"\/>\n\n\n\n<h3 class=\"wp-block-heading has-text-align-center\"><strong>Wij geloven\u2026<\/strong><\/h3>\n\n\n\n<p class=\"has-text-align-center\">E\u00e9n Naam: Er is \u00e9\u00e9n Naam onder de hemel gegeven, waardoor wij moeten \u00e9n kunnen zalig worden. Dat is de Naam van Jezus Christus (Handelingen 4:12).<\/p>\n\n\n\n<p class=\"has-text-align-center\">Twee wegen en twee soorten mensen: De goddelozen wandelen op een heilloze weg. Deze weg eindigt in de eeuwige rampzaligheid: de hel. De rechtvaardigen wandelen op de heilzame weg. Deze weg eindigt in de eeuwige heerlijkheid: de hemel (Psalm 1).<\/p>\n\n\n\n<p class=\"has-text-align-center\">Drie stukken: Ellende, verlossing en dankbaarheid. De mens is een zondaar en onbekwaam tot iets goeds en geneigd tot alle kwaad. De mens kan verlost worden door het geloof in Jezus Christus. Door de verlossing volgt het leven van de dankbaarheid om God dankbaar te zijn voor de geschonken verlossing (Romeinen 3 \u2013 8).<\/p>\n\n\n\n<hr class=\"wp-block-separator has-alpha-channel-opacity is-style-wide\"\/>\n\n\n\n<div class=\"wp-block-columns is-layout-flex wp-container-core-columns-is-layout-9d6595d7 wp-block-columns-is-layout-flex\">\n<div class=\"wp-block-column is-vertically-aligned-center is-layout-flow wp-block-column-is-layout-flow\">\n<figure class=\"wp-block-image size-full\"><img loading=\"lazy\" decoding=\"async\" width=\"429\" height=\"300\" src=\"https:\/\/kerkzichtstaphorst.nl\/wp-content\/uploads\/2025\/10\/1125.png\" alt=\"\" class=\"wp-image-655\" srcset=\"https:\/\/kerkzichtstaphorst.nl\/wp-content\/uploads\/2025\/10\/1125.png 429w, https:\/\/kerkzichtstaphorst.nl\/wp-content\/uploads\/2025\/10\/1125-300x210.png 300w\" sizes=\"auto, (max-width: 429px) 100vw, 429px\" \/><\/figure>\n<\/div>\n\n\n\n<div class=\"wp-block-column is-vertically-aligned-center is-layout-flow wp-block-column-is-layout-flow\">\n<figure class=\"wp-block-image size-full\"><img loading=\"lazy\" decoding=\"async\" width=\"429\" height=\"300\" src=\"https:\/\/kerkzichtstaphorst.nl\/wp-content\/uploads\/2022\/10\/link2.png\" alt=\"\" class=\"wp-image-269\" srcset=\"https:\/\/kerkzichtstaphorst.nl\/wp-content\/uploads\/2022\/10\/link2.png 429w, https:\/\/kerkzichtstaphorst.nl\/wp-content\/uploads\/2022\/10\/link2-300x210.png 300w\" sizes=\"auto, (max-width: 429px) 100vw, 429px\" \/><\/figure>\n<\/div>\n\n\n\n<div class=\"wp-block-column is-vertically-aligned-center is-layout-flow wp-block-column-is-layout-flow\">\n<figure class=\"wp-block-image size-full\"><img loading=\"lazy\" decoding=\"async\" width=\"429\" height=\"300\" src=\"https:\/\/kerkzichtstaphorst.nl\/wp-content\/uploads\/2022\/10\/link4.png\" alt=\"\" class=\"wp-image-262\" srcset=\"https:\/\/kerkzichtstaphorst.nl\/wp-content\/uploads\/2022\/10\/link4.png 429w, https:\/\/kerkzichtstaphorst.nl\/wp-content\/uploads\/2022\/10\/link4-300x210.png 300w\" sizes=\"auto, (max-width: 429px) 100vw, 429px\" \/><\/figure>\n<\/div>\n<\/div>\n\n\n\n<div class=\"wp-block-columns is-layout-flex wp-container-core-columns-is-layout-9d6595d7 wp-block-columns-is-layout-flex\">\n<div class=\"wp-block-column is-layout-flow wp-block-column-is-layout-flow\">\n<div class=\"wp-block-buttons is-content-justification-center is-layout-flex wp-container-core-buttons-is-layout-16018d1d wp-block-buttons-is-layout-flex\">\n<div class=\"wp-block-button\"><a class=\"wp-block-button__link wp-element-button\" href=\"https:\/\/kerkzichtstaphorst.nl\/index.php\/ontstaan\/\" style=\"border-radius:20px\">Ontstaan<\/a><\/div>\n<\/div>\n<\/div>\n\n\n\n<div class=\"wp-block-column is-layout-flow wp-block-column-is-layout-flow\">\n<div class=\"wp-block-buttons is-layout-flex wp-block-buttons-is-layout-flex\">\n<div class=\"wp-block-button aligncenter\"><a class=\"wp-block-button__link wp-element-button\" href=\"https:\/\/kerkzichtstaphorst.nl\/index.php\/borden\/\" style=\"border-radius:20px\">Informatiepanelen<\/a><\/div>\n<\/div>\n<\/div>\n\n\n\n<div class=\"wp-block-column is-layout-flow wp-block-column-is-layout-flow\">\n<div class=\"wp-block-buttons is-layout-flex wp-block-buttons-is-layout-flex\">\n<div class=\"wp-block-button aligncenter\"><a class=\"wp-block-button__link wp-element-button\" href=\"https:\/\/kerkzichtstaphorst.nl\/index.php\/boeken-3\/\" style=\"border-radius:20px\">Boeken<\/a><\/div>\n<\/div>\n<\/div>\n<\/div>\n\n\n\n<hr class=\"wp-block-separator has-alpha-channel-opacity is-style-wide\"\/>\n\n\n\n<h3 class=\"wp-block-heading has-text-align-center\"><strong>Fietsoplaadpunt<\/strong><\/h3>\n\n\n\n<p class=\"has-text-align-center\">Heeft u een elektrische fiets en zoekt u tijdens uw fietstocht een oplaadpunt? Bij Kerkzicht heeft u de mogelijkheid uw accu op te laden. Tegelijkertijd kunt u zich ongetwijfeld bij Kerkzicht vermaken.<\/p>\n\n\n\n<hr class=\"wp-block-separator has-alpha-channel-opacity is-style-wide\"\/>\n\n\n\n<h3 class=\"wp-block-heading has-text-align-center\">Informatie fietsroute<\/h3>\n\n\n\n<p class=\"has-text-align-center\">Een fietsroute met informatie, gratis afhalen in Kerkzicht!<\/p>\n\n\n\n<hr class=\"wp-block-separator has-alpha-channel-opacity is-style-wide\"\/>\n\n\n\n<h3 class=\"wp-block-heading has-text-align-center\">Openingstijden<\/h3>\n\n\n\n<p class=\"has-text-align-center\">Elke woensdag &amp;<br>19 juni tot en met 7 september op vrijdag &amp; zaterdag<br>Van 10:00 uur tot 16:00 uur.<\/p>\n\n\n\n<p class=\"has-text-align-center\">Wilt u Kerkzicht <strong>buiten<\/strong> de openingstijden in groepsverband bezoeken? <br>Maak gerust even een afspraak.<\/p>\n\n\n<div class=\"wp-block-image\">\n<figure class=\"aligncenter size-large is-resized\"><img loading=\"lazy\" decoding=\"async\" width=\"650\" height=\"1024\" src=\"https:\/\/kerkzichtstaphorst.nl\/wp-content\/uploads\/2025\/10\/inloophuis-650x1024.png\" alt=\"\" class=\"wp-image-710\" style=\"width:201px;height:auto\" srcset=\"https:\/\/kerkzichtstaphorst.nl\/wp-content\/uploads\/2025\/10\/inloophuis-650x1024.png 650w, https:\/\/kerkzichtstaphorst.nl\/wp-content\/uploads\/2025\/10\/inloophuis-190x300.png 190w, https:\/\/kerkzichtstaphorst.nl\/wp-content\/uploads\/2025\/10\/inloophuis-768x1210.png 768w, https:\/\/kerkzichtstaphorst.nl\/wp-content\/uploads\/2025\/10\/inloophuis-975x1536.png 975w, https:\/\/kerkzichtstaphorst.nl\/wp-content\/uploads\/2025\/10\/inloophuis-900x1418.png 900w, https:\/\/kerkzichtstaphorst.nl\/wp-content\/uploads\/2025\/10\/inloophuis-500x788.png 500w, https:\/\/kerkzichtstaphorst.nl\/wp-content\/uploads\/2025\/10\/inloophuis.png 1048w\" sizes=\"auto, (max-width: 650px) 100vw, 650px\" \/><\/figure>\n<\/div>","protected":false},"excerpt":{"rendered":"<p>Download hier de puzzel en kleurplaat van dankdag 2025 Kerkzicht is een voorlichtingscentrum van de Hersteld Hervormde Gemeente te Staphorst. Hier kunt u uitleg krijgen over het christelijke geloof, de kerk, tradities en Staphorster gewoonten. Er zijn ongeveer 20 vrijwilligers betrokken die bij toerbeurt graag voor u klaar staan. De missie van Kerkzicht is belangstellenden [&hellip;]<\/p>\n","protected":false},"author":1,"featured_media":0,"parent":0,"menu_order":0,"comment_status":"closed","ping_status":"closed","template":"","meta":{"footnotes":""},"class_list":["post-66","page","type-page","status-publish","hentry"],"_links":{"self":[{"href":"https:\/\/kerkzichtstaphorst.nl\/wp-json\/wp\/v2\/pages\/66","targetHints":{"allow":["GET"]}}],"collection":[{"href":"https:\/\/kerkzichtstaphorst.nl\/wp-json\/wp\/v2\/pages"}],"about":[{"href":"https:\/\/kerkzichtstaphorst.nl\/wp-json\/wp\/v2\/types\/page"}],"author":[{"embeddable":true,"href":"https:\/\/kerkzichtstaphorst.nl\/wp-json\/wp\/v2\/users\/1"}],"replies":[{"embeddable":true,"href":"https:\/\/kerkzichtstaphorst.nl\/wp-json\/wp\/v2\/comments?post=66"}],"version-history":[{"count":108,"href":"https:\/\/kerkzichtstaphorst.nl\/wp-json\/wp\/v2\/pages\/66\/revisions"}],"predecessor-version":[{"id":717,"href":"https:\/\/kerkzichtstaphorst.nl\/wp-json\/wp\/v2\/pages\/66\/revisions\/717"}],"wp:attachment":[{"href":"https:\/\/kerkzichtstaphorst.nl\/wp-json\/wp\/v2\/media?parent=66"}],"curies":[{"name":"wp","href":"https:\/\/api.w.org\/{rel}","templated":true}]}}